{"id":62006,"date":"2024-02-07T16:35:44","date_gmt":"2024-02-07T21:35:44","guid":{"rendered":"https:\/\/fidelitix.ca\/?page_id=62006"},"modified":"2025-03-07T10:04:56","modified_gmt":"2025-03-07T15:04:56","slug":"contact","status":"publish","type":"page","link":"https:\/\/fidelitix.ca\/en\/contact\/","title":{"rendered":"Contact"},"content":{"rendered":"\n\t<section class=\"section dark\" id=\"section_1225240064\">\n\t\t<div class=\"section-bg fill\" >\n\t\t\t<img loading=\"lazy\" decoding=\"async\" width=\"1280\" height=\"853\" src=\"https:\/\/fidelitix.ca\/wp-content\/uploads\/2023\/10\/canada-3692862_1280.jpg\" class=\"bg attachment-original size-original\" alt=\"\" \/>\t\t\t\t\t\t<div class=\"section-bg-overlay absolute fill\"><\/div>\n\t\t\t\n\n\t\t<\/div>\n\n\t\t\n\n\t\t<div class=\"section-content relative\">\n\t\t\t\n<div class=\"row\"  id=\"row-1697295104\">\n\n\t<div id=\"col-191745946\" class=\"col small-12 large-12\"  >\n\t\t\t\t<div class=\"col-inner text-center\"  >\n\t\t\t\n\t\t\t\n<div class=\"row align-center\"  id=\"row-1089163195\">\n\n\t<div id=\"col-712058240\" class=\"col medium-9 small-12 large-9\"  >\n\t\t\t\t<div class=\"col-inner text-center\"  >\n\t\t\t\n\t\t\t\n\t<div id=\"text-2779161459\" class=\"text\">\n\t\t\n<h1><span data-text-color=\"secondary\"><strong>Talk about your project<br \/>\n<\/strong><\/span><\/h1>\n\t\t\n<style>\n#text-2779161459 {\n  font-size: 2rem;\n}\n<\/style>\n\t<\/div>\n\t\n\t<div id=\"text-4136966262\" class=\"text\">\n\t\t\n<p><span style=\"font-weight: 400;\">Do you want to get in touch with us? We would love to hear from you. Here&#8217;s how you can reach us.<\/span><br \/>\n\t\t\n<style>\n#text-4136966262 {\n  font-size: 1.4rem;\n}\n<\/style>\n\t<\/div>\n\t\n\t\t<\/div>\n\t\t\t\t\t<\/div>\n\n\t\n\n\t<div id=\"col-636940634\" class=\"col medium-7 small-12 large-7\"  >\n\t\t\t\t<div class=\"col-inner text-center\"  >\n\t\t\t\n\t\t\t\n\t<div id=\"text-3222113331\" class=\"text\">\n\t\t\n\t\t\n<style>\n#text-3222113331 {\n  font-size: 1.4rem;\n  color: rgb(255, 255, 255);\n}\n#text-3222113331 > * {\n  color: rgb(255, 255, 255);\n}\n<\/style>\n\t<\/div>\n\t\n\t\t<\/div>\n\t\t\t\t\t<\/div>\n\n\t\n<\/div>\n\t\t<\/div>\n\t\t\t\t\n<style>\n#col-191745946 > .col-inner {\n  padding: 20px 0px 0px 0px;\n}\n<\/style>\n\t<\/div>\n\n\t\n<\/div>\n\t\t<\/div>\n\n\t\t\n<style>\n#section_1225240064 {\n  padding-top: 150px;\n  padding-bottom: 150px;\n  background-color: rgb(40, 40, 40);\n}\n#section_1225240064 .section-bg-overlay {\n  background-color: rgba(0, 0, 0, 0.541);\n}\n#section_1225240064 .section-bg img {\n  object-position: 54% 56%;\n}\n<\/style>\n\t<\/section>\n\t\n\n\t<section class=\"section\" id=\"section_778587400\">\n\t\t<div class=\"section-bg fill\" >\n\t\t\t\t\t\t\t\t\t\n\t\t\t\n\n\t\t<\/div>\n\n\t\t\n\n\t\t<div class=\"section-content relative\">\n\t\t\t\n<div class=\"row\"  id=\"row-1848529242\">\n\n\t<div id=\"col-1372091023\" class=\"col small-12 large-12\"  >\n\t\t\t\t<div class=\"col-inner\"  >\n\t\t\t\n\t\t\t\n<div class=\"row align-equal\"  id=\"row-1408366813\">\n\n\t<div id=\"col-732062169\" class=\"col medium-6 small-12 large-6\"  >\n\t\t\t\t<div class=\"col-inner text-center\"  >\n\t\t\t\n\t\t\t\n\n\t\t<div class=\"icon-box featured-box icon-box-center text-center\"  >\n\t\t\t\t\t<div class=\"icon-box-img\" style=\"width: 60px\">\n\t\t\t\t<div class=\"icon\">\n\t\t\t\t\t<div class=\"icon-inner\" >\n\t\t\t\t\t\t<img loading=\"lazy\" decoding=\"async\" width=\"400\" height=\"400\" src=\"https:\/\/fidelitix.ca\/wp-content\/uploads\/2024\/01\/fidelitix-contact-appelez-nous-400x400.png\" class=\"attachment-medium size-medium\" alt=\"\" srcset=\"https:\/\/fidelitix.ca\/wp-content\/uploads\/2024\/01\/fidelitix-contact-appelez-nous-400x400.png 400w, https:\/\/fidelitix.ca\/wp-content\/uploads\/2024\/01\/fidelitix-contact-appelez-nous-280x280.png 280w, https:\/\/fidelitix.ca\/wp-content\/uploads\/2024\/01\/fidelitix-contact-appelez-nous.png 512w\" sizes=\"auto, (max-width: 400px) 100vw, 400px\" \/>\t\t\t\t\t<\/div>\n\t\t\t\t<\/div>\n\t\t\t<\/div>\n\t\t\t\t<div class=\"icon-box-text last-reset\">\n\t\t\t\t\t\t\t\t\t\n<h2>Call us<\/h2>\n\t<div id=\"gap-1406975760\" class=\"gap-element clearfix\" style=\"display:block; height:auto;\">\n\t\t\n<style>\n#gap-1406975760 {\n  padding-top: 20px;\n}\n<\/style>\n\t<\/div>\n\t\n<a href=\"tel:514%20826-9156\" class=\"button secondary is-large\" >\n\t\t<span>(514) 613 3264<\/span>\n\t<\/a>\n\n\t\t<\/div>\n\t<\/div>\n\t\n\t\n\t\t<\/div>\n\t\t\t\t\t<\/div>\n\n\t\n\n\t<div id=\"col-945352876\" class=\"col medium-6 small-12 large-6\"  >\n\t\t\t\t<div class=\"col-inner text-center\"  >\n\t\t\t\n\t\t\t\n\n\t\t<div class=\"icon-box featured-box icon-box-center text-center\"  >\n\t\t\t\t\t<div class=\"icon-box-img\" style=\"width: 60px\">\n\t\t\t\t<div class=\"icon\">\n\t\t\t\t\t<div class=\"icon-inner\" >\n\t\t\t\t\t\t<img loading=\"lazy\" decoding=\"async\" width=\"400\" height=\"400\" src=\"https:\/\/fidelitix.ca\/wp-content\/uploads\/2024\/01\/lettre-400x400.png\" class=\"attachment-medium size-medium\" alt=\"\" srcset=\"https:\/\/fidelitix.ca\/wp-content\/uploads\/2024\/01\/lettre-400x400.png 400w, https:\/\/fidelitix.ca\/wp-content\/uploads\/2024\/01\/lettre-280x280.png 280w, https:\/\/fidelitix.ca\/wp-content\/uploads\/2024\/01\/lettre.png 512w\" sizes=\"auto, (max-width: 400px) 100vw, 400px\" \/>\t\t\t\t\t<\/div>\n\t\t\t\t<\/div>\n\t\t\t<\/div>\n\t\t\t\t<div class=\"icon-box-text last-reset\">\n\t\t\t\t\t\t\t\t\t\n<h2>Write to us<\/h2>\n\t<div id=\"gap-1992510076\" class=\"gap-element clearfix\" style=\"display:block; height:auto;\">\n\t\t\n<style>\n#gap-1992510076 {\n  padding-top: 20px;\n}\n<\/style>\n\t<\/div>\n\t\n<a href=\"mailto:info@fidelitix.ca\" class=\"button secondary is-large lowercase\" >\n\t\t<span>Send an email<\/span>\n\t<\/a>\n\n\t\t<\/div>\n\t<\/div>\n\t\n\t\n\t\t<\/div>\n\t\t\t\t\t<\/div>\n\n\t\n\n\t<div id=\"col-1761921897\" class=\"col small-12 large-12\"  >\n\t\t\t\t<div class=\"col-inner text-center\" style=\"background-color:rgb(255,255,255);\" >\n\t\t\t\n\t\t\t\n\t<div id=\"text-2701137379\" class=\"text\">\n\t\t\n<h2>Send your message<\/h2>\n\t\t\n<style>\n#text-2701137379 {\n  font-size: 1.5rem;\n  color: rgb(255, 123, 7);\n}\n#text-2701137379 > * {\n  color: rgb(255, 123, 7);\n}\n<\/style>\n\t<\/div>\n\t\n<div class=\"is-divider divider clearfix\" style=\"max-width:100px;background-color:rgb(255, 123, 7);\"><\/div>\n<div class=\"row align-center\"  id=\"row-1280223845\">\n\n\t<div id=\"col-1122962270\" class=\"col medium-11 small-12 large-9\"  >\n\t\t\t\t<div class=\"col-inner text-left\"  >\n\t\t\t\n\t\t\t\n<div class=\"wpforms-container wpforms-container-full\" id=\"wpforms-58193\"><form id=\"wpforms-form-58193\" class=\"wpforms-validate wpforms-form wpforms-ajax-form\" data-formid=\"58193\" method=\"post\" enctype=\"multipart\/form-data\" action=\"\/en\/wp-json\/wp\/v2\/pages\/62006\" data-token=\"db1ef0e8f1fc628bbb66939159d1440e\" data-token-time=\"1777306183\"><noscript class=\"wpforms-error-noscript\">Please enable JavaScript in your browser to complete this form.<\/noscript><div class=\"wpforms-field-container\"><div id=\"wpforms-58193-field_0-container\" class=\"wpforms-field wpforms-field-name\" data-field-id=\"0\"><label class=\"wpforms-field-label\" for=\"wpforms-58193-field_0\">Last name <span class=\"wpforms-required-label\">*<\/span><\/label><input type=\"text\" id=\"wpforms-58193-field_0\" class=\"wpforms-field-large wpforms-field-required\" name=\"wpforms[fields][0]\" required><\/div><div id=\"wpforms-58193-field_4-container\" class=\"wpforms-field wpforms-field-name\" data-field-id=\"4\"><label class=\"wpforms-field-label\" for=\"wpforms-58193-field_4\">First name <span class=\"wpforms-required-label\">*<\/span><\/label><input type=\"text\" id=\"wpforms-58193-field_4\" class=\"wpforms-field-large wpforms-field-required\" name=\"wpforms[fields][4]\" required><\/div><div id=\"wpforms-58193-field_1-container\" class=\"wpforms-field wpforms-field-email\" data-field-id=\"1\"><label class=\"wpforms-field-label\" for=\"wpforms-58193-field_1\">Email <span class=\"wpforms-required-label\">*<\/span><\/label><input type=\"email\" id=\"wpforms-58193-field_1\" class=\"wpforms-field-large wpforms-field-required\" name=\"wpforms[fields][1]\" spellcheck=\"false\" required><\/div><div id=\"wpforms-58193-field_5-container\" class=\"wpforms-field wpforms-field-phone\" data-field-id=\"5\"><label class=\"wpforms-field-label\" for=\"wpforms-58193-field_5\">Phone <span class=\"wpforms-required-label\">*<\/span><\/label><input type=\"tel\" id=\"wpforms-58193-field_5\" class=\"wpforms-field-large wpforms-field-required wpforms-masked-input\" data-inputmask=\"&#039;mask&#039;: &#039;(999) 999-9999&#039;\" data-rule-us-phone-field=\"true\" data-inputmask-inputmode=\"tel\" name=\"wpforms[fields][5]\" aria-label=\"Phone\" required><\/div><div id=\"wpforms-58193-field_6-container\" class=\"wpforms-field wpforms-field-text\" data-field-id=\"6\"><label class=\"wpforms-field-label\" for=\"wpforms-58193-field_6\">Company name <span class=\"wpforms-required-label\">*<\/span><\/label><input type=\"text\" id=\"wpforms-58193-field_6\" class=\"wpforms-field-large wpforms-field-required\" name=\"wpforms[fields][6]\" required><\/div><div id=\"wpforms-58193-field_2-container\" class=\"wpforms-field wpforms-field-textarea\" data-field-id=\"2\"><label class=\"wpforms-field-label\" for=\"wpforms-58193-field_2\">Comment or message <span class=\"wpforms-required-label\">*<\/span><\/label><textarea id=\"wpforms-58193-field_2\" class=\"wpforms-field-large wpforms-field-required\" name=\"wpforms[fields][2]\" required><\/textarea><\/div><\/div><!-- .wpforms-field-container --><div class=\"wpforms-recaptcha-container wpforms-is-recaptcha wpforms-is-recaptcha-type-v3\" ><input type=\"hidden\" name=\"wpforms[recaptcha]\" value=\"\"><\/div><div class=\"wpforms-submit-container\" ><input type=\"hidden\" name=\"wpforms[id]\" value=\"58193\"><input type=\"hidden\" name=\"page_title\" value=\"\"><input type=\"hidden\" name=\"page_url\" value=\"https:\/\/fidelitix.ca\/en\/wp-json\/wp\/v2\/pages\/62006\"><input type=\"hidden\" name=\"url_referer\" value=\"\"><button type=\"submit\" name=\"wpforms[submit]\" id=\"wpforms-submit-58193\" class=\"wpforms-submit\" data-alt-text=\"Transmitting...\" data-submit-text=\"Submit\" aria-live=\"assertive\" value=\"wpforms-submit\">Submit<\/button><img loading=\"lazy\" decoding=\"async\" src=\"https:\/\/fidelitix.ca\/wp-content\/plugins\/wpforms\/assets\/images\/submit-spin.svg\" class=\"wpforms-submit-spinner\" style=\"display: none;\" width=\"26\" height=\"26\" alt=\"Loading\"><\/div><\/form><\/div>  <!-- .wpforms-container -->\n\t\t<\/div>\n\t\t\t\t\t<\/div>\n\n\t\n<\/div>\n\t\t<\/div>\n\t\t\t\t\t<\/div>\n\n\t\n\n<style>\n#row-1408366813 > .col > .col-inner {\n  padding: 40px 40px 40px 40px;\n  background-color: rgb(255,255,255);\n}\n<\/style>\n<\/div>\n\t\t<\/div>\n\t\t\t\t\n<style>\n#col-1372091023 > .col-inner {\n  margin: -100px 0px 0px 0px;\n}\n<\/style>\n\t<\/div>\n\n\t\n<\/div>\n\t\t<\/div>\n\n\t\t\n<style>\n#section_778587400 {\n  padding-top: 30px;\n  padding-bottom: 30px;\n  background-color: rgb(244, 244, 244);\n}\n<\/style>\n\t<\/section>\n\t\n","protected":false},"excerpt":{"rendered":"","protected":false},"author":4,"featured_media":0,"parent":0,"menu_order":0,"comment_status":"closed","ping_status":"closed","template":"","meta":{"footnotes":""},"class_list":["post-62006","page","type-page","status-publish","hentry"],"yoast_head":"<!-- This site is optimized with the Yoast SEO plugin v27.4 - https:\/\/yoast.com\/product\/yoast-seo-wordpress\/ -->\n<title>Contact Us - Fidelitix<\/title>\n<meta name=\"robots\" content=\"index, follow, max-snippet:-1, max-image-preview:large, max-video-preview:-1\" \/>\n<link rel=\"canonical\" href=\"https:\/\/fidelitix.ca\/en\/contact\/\" \/>\n<meta property=\"og:locale\" content=\"en_US\" \/>\n<meta property=\"og:type\" content=\"article\" \/>\n<meta property=\"og:title\" content=\"Contact Us - Fidelitix\" \/>\n<meta property=\"og:url\" content=\"https:\/\/fidelitix.ca\/en\/contact\/\" \/>\n<meta property=\"og:site_name\" content=\"Fidelitix\" \/>\n<meta property=\"article:publisher\" content=\"https:\/\/www.facebook.com\/fidelitix\/\" \/>\n<meta property=\"article:modified_time\" content=\"2025-03-07T15:04:56+00:00\" \/>\n<meta name=\"twitter:card\" content=\"summary_large_image\" \/>\n<meta name=\"twitter:label1\" content=\"Est. reading time\" \/>\n\t<meta name=\"twitter:data1\" content=\"2 minutes\" \/>\n<script type=\"application\/ld+json\" class=\"yoast-schema-graph\">{\"@context\":\"https:\\\/\\\/schema.org\",\"@graph\":[{\"@type\":\"WebPage\",\"@id\":\"https:\\\/\\\/fidelitix.ca\\\/en\\\/contact\\\/\",\"url\":\"https:\\\/\\\/fidelitix.ca\\\/en\\\/contact\\\/\",\"name\":\"Contact Us - Fidelitix\",\"isPartOf\":{\"@id\":\"https:\\\/\\\/fidelitix.ca\\\/#website\"},\"datePublished\":\"2024-02-07T21:35:44+00:00\",\"dateModified\":\"2025-03-07T15:04:56+00:00\",\"breadcrumb\":{\"@id\":\"https:\\\/\\\/fidelitix.ca\\\/en\\\/contact\\\/#breadcrumb\"},\"inLanguage\":\"en-US\",\"potentialAction\":[{\"@type\":\"ReadAction\",\"target\":[\"https:\\\/\\\/fidelitix.ca\\\/en\\\/contact\\\/\"]}]},{\"@type\":\"BreadcrumbList\",\"@id\":\"https:\\\/\\\/fidelitix.ca\\\/en\\\/contact\\\/#breadcrumb\",\"itemListElement\":[{\"@type\":\"ListItem\",\"position\":1,\"name\":\"Accueil\",\"item\":\"https:\\\/\\\/fidelitix.ca\\\/en\\\/\"},{\"@type\":\"ListItem\",\"position\":2,\"name\":\"Contact\"}]},{\"@type\":\"WebSite\",\"@id\":\"https:\\\/\\\/fidelitix.ca\\\/#website\",\"url\":\"https:\\\/\\\/fidelitix.ca\\\/\",\"name\":\"Fidelitix\",\"description\":\"Fidelitix planifie et ex\u00e9cute des strat\u00e9gies de publicit\u00e9 num\u00e9rique pour les petites et moyennes entreprises selon les technologies les plus modernes et en d\u00e9ployant les meilleures pratiques de l\u2019industrie.\",\"publisher\":{\"@id\":\"https:\\\/\\\/fidelitix.ca\\\/#organization\"},\"potentialAction\":[{\"@type\":\"SearchAction\",\"target\":{\"@type\":\"EntryPoint\",\"urlTemplate\":\"https:\\\/\\\/fidelitix.ca\\\/?s={search_term_string}\"},\"query-input\":{\"@type\":\"PropertyValueSpecification\",\"valueRequired\":true,\"valueName\":\"search_term_string\"}}],\"inLanguage\":\"en-US\"},{\"@type\":\"Organization\",\"@id\":\"https:\\\/\\\/fidelitix.ca\\\/#organization\",\"name\":\"Fidelitix\",\"url\":\"https:\\\/\\\/fidelitix.ca\\\/\",\"logo\":{\"@type\":\"ImageObject\",\"inLanguage\":\"en-US\",\"@id\":\"https:\\\/\\\/fidelitix.ca\\\/#\\\/schema\\\/logo\\\/image\\\/\",\"url\":\"https:\\\/\\\/390fa6.a2cdn1.secureserver.net\\\/wp-content\\\/uploads\\\/2021\\\/08\\\/Signature_Fidelitix_coul_RGB1-2.png?time=1702584120\",\"contentUrl\":\"https:\\\/\\\/390fa6.a2cdn1.secureserver.net\\\/wp-content\\\/uploads\\\/2021\\\/08\\\/Signature_Fidelitix_coul_RGB1-2.png?time=1702584120\",\"width\":506,\"height\":100,\"caption\":\"Fidelitix\"},\"image\":{\"@id\":\"https:\\\/\\\/fidelitix.ca\\\/#\\\/schema\\\/logo\\\/image\\\/\"},\"sameAs\":[\"https:\\\/\\\/www.facebook.com\\\/fidelitix\\\/\",\"https:\\\/\\\/www.linkedin.com\\\/company\\\/fidelitix\\\/\"]}]}<\/script>\n<!-- \/ Yoast SEO plugin. -->","yoast_head_json":{"title":"Contact Us - Fidelitix","robots":{"index":"index","follow":"follow","max-snippet":"max-snippet:-1","max-image-preview":"max-image-preview:large","max-video-preview":"max-video-preview:-1"},"canonical":"https:\/\/fidelitix.ca\/en\/contact\/","og_locale":"en_US","og_type":"article","og_title":"Contact Us - Fidelitix","og_url":"https:\/\/fidelitix.ca\/en\/contact\/","og_site_name":"Fidelitix","article_publisher":"https:\/\/www.facebook.com\/fidelitix\/","article_modified_time":"2025-03-07T15:04:56+00:00","twitter_card":"summary_large_image","twitter_misc":{"Est. reading time":"2 minutes"},"schema":{"@context":"https:\/\/schema.org","@graph":[{"@type":"WebPage","@id":"https:\/\/fidelitix.ca\/en\/contact\/","url":"https:\/\/fidelitix.ca\/en\/contact\/","name":"Contact Us - Fidelitix","isPartOf":{"@id":"https:\/\/fidelitix.ca\/#website"},"datePublished":"2024-02-07T21:35:44+00:00","dateModified":"2025-03-07T15:04:56+00:00","breadcrumb":{"@id":"https:\/\/fidelitix.ca\/en\/contact\/#breadcrumb"},"inLanguage":"en-US","potentialAction":[{"@type":"ReadAction","target":["https:\/\/fidelitix.ca\/en\/contact\/"]}]},{"@type":"BreadcrumbList","@id":"https:\/\/fidelitix.ca\/en\/contact\/#breadcrumb","itemListElement":[{"@type":"ListItem","position":1,"name":"Accueil","item":"https:\/\/fidelitix.ca\/en\/"},{"@type":"ListItem","position":2,"name":"Contact"}]},{"@type":"WebSite","@id":"https:\/\/fidelitix.ca\/#website","url":"https:\/\/fidelitix.ca\/","name":"Fidelitix","description":"Fidelitix planifie et ex\u00e9cute des strat\u00e9gies de publicit\u00e9 num\u00e9rique pour les petites et moyennes entreprises selon les technologies les plus modernes et en d\u00e9ployant les meilleures pratiques de l\u2019industrie.","publisher":{"@id":"https:\/\/fidelitix.ca\/#organization"},"potentialAction":[{"@type":"SearchAction","target":{"@type":"EntryPoint","urlTemplate":"https:\/\/fidelitix.ca\/?s={search_term_string}"},"query-input":{"@type":"PropertyValueSpecification","valueRequired":true,"valueName":"search_term_string"}}],"inLanguage":"en-US"},{"@type":"Organization","@id":"https:\/\/fidelitix.ca\/#organization","name":"Fidelitix","url":"https:\/\/fidelitix.ca\/","logo":{"@type":"ImageObject","inLanguage":"en-US","@id":"https:\/\/fidelitix.ca\/#\/schema\/logo\/image\/","url":"https:\/\/390fa6.a2cdn1.secureserver.net\/wp-content\/uploads\/2021\/08\/Signature_Fidelitix_coul_RGB1-2.png?time=1702584120","contentUrl":"https:\/\/390fa6.a2cdn1.secureserver.net\/wp-content\/uploads\/2021\/08\/Signature_Fidelitix_coul_RGB1-2.png?time=1702584120","width":506,"height":100,"caption":"Fidelitix"},"image":{"@id":"https:\/\/fidelitix.ca\/#\/schema\/logo\/image\/"},"sameAs":["https:\/\/www.facebook.com\/fidelitix\/","https:\/\/www.linkedin.com\/company\/fidelitix\/"]}]}},"_links":{"self":[{"href":"https:\/\/fidelitix.ca\/en\/wp-json\/wp\/v2\/pages\/62006","targetHints":{"allow":["GET"]}}],"collection":[{"href":"https:\/\/fidelitix.ca\/en\/wp-json\/wp\/v2\/pages"}],"about":[{"href":"https:\/\/fidelitix.ca\/en\/wp-json\/wp\/v2\/types\/page"}],"author":[{"embeddable":true,"href":"https:\/\/fidelitix.ca\/en\/wp-json\/wp\/v2\/users\/4"}],"replies":[{"embeddable":true,"href":"https:\/\/fidelitix.ca\/en\/wp-json\/wp\/v2\/comments?post=62006"}],"version-history":[{"count":7,"href":"https:\/\/fidelitix.ca\/en\/wp-json\/wp\/v2\/pages\/62006\/revisions"}],"predecessor-version":[{"id":63291,"href":"https:\/\/fidelitix.ca\/en\/wp-json\/wp\/v2\/pages\/62006\/revisions\/63291"}],"wp:attachment":[{"href":"https:\/\/fidelitix.ca\/en\/wp-json\/wp\/v2\/media?parent=62006"}],"curies":[{"name":"wp","href":"https:\/\/api.w.org\/{rel}","templated":true}]}}